{"id":294,"date":"2025-08-30T14:59:53","date_gmt":"2025-08-30T12:59:53","guid":{"rendered":"https:\/\/www.pet-repair.de\/?page_id=294"},"modified":"2025-08-30T15:40:42","modified_gmt":"2025-08-30T13:40:42","slug":"pferdetraining","status":"publish","type":"page","link":"https:\/\/www.pet-repair.de\/?page_id=294","title":{"rendered":"Pferdetraining"},"content":{"rendered":"\n<figure class=\"wp-block-image size-large is-resized is-style-rounded\"><img loading=\"lazy\" decoding=\"async\" width=\"1024\" height=\"846\" src=\"https:\/\/www.pet-repair.de\/wp-content\/uploads\/5301212133146622337-1-1024x846.jpg\" alt=\"\" class=\"wp-image-295\" style=\"width:485px;height:auto\" srcset=\"https:\/\/www.pet-repair.de\/wp-content\/uploads\/5301212133146622337-1-1024x846.jpg 1024w, https:\/\/www.pet-repair.de\/wp-content\/uploads\/5301212133146622337-1-300x248.jpg 300w, https:\/\/www.pet-repair.de\/wp-content\/uploads\/5301212133146622337-1-768x634.jpg 768w, https:\/\/www.pet-repair.de\/wp-content\/uploads\/5301212133146622337-1.jpg 1280w\" sizes=\"auto, (max-width: 1024px) 100vw, 1024px\" \/><\/figure>\n\n\n\n<p><strong>Pferdetraining \u2013 Aktiv, motivierend, gesund<\/strong><\/p>\n\n\n\n<p>Ich begleite Dich und Dein Pferd beim <strong>gezielten Training, vom Boden oder beim Reiten<\/strong>, \u2013 immer <strong>gesundheitsorientiert, individuell und motivierend<\/strong>.<\/p>\n\n\n\n<p>Mein Training st\u00e4rkt <strong>Pferd und Reiter<\/strong>, f\u00f6rdert die <strong>Koordination, Fitness und Freude an der Arbeit<\/strong>&nbsp;und ist auf jeden Ausbildungsstand angepasst.<\/p>\n\n\n\n<p><strong>Schwerpunkte:<\/strong><br>&nbsp;\u2022 <strong>Dressurtraining:<\/strong>&nbsp;Technik, Balance und Feinheit<br>&nbsp;\u2022 <strong>Sitztraining f\u00fcr den Reiter:<\/strong>&nbsp;optimale Einwirkung, Harmonie und Sicherheit<br>&nbsp;\u2022 <strong>Stangentraining &amp; Ressortraining:<\/strong>&nbsp;Gymnastizierung, Koordination, Beweglichkeit<br>&nbsp;\u2022 <strong>Natural Horsemanship &amp; Verhaltenstraining:<\/strong>&nbsp;Vertrauen, Motivation und Sicherheit<br>&nbsp;\u2022 <strong>Verladetraining &amp; Probleml\u00f6sungen f\u00fcr Pferde mit \u00c4ngsten oder Unsicherheiten<\/strong><br>&nbsp;\u2022 <strong>Unterst\u00fctzung f\u00fcr Reiter mit Angst oder Unsicherheiten:<\/strong>&nbsp;Vertrauen aufbauen, Sicherheit im Umgang mit dem Pferd<br>&nbsp;\u2022 <strong>Individuelle F\u00f6rderung:<\/strong>&nbsp;F\u00fcr jede Reitweise, jeden Ausbildungsstand und bis Klasse S<br>&nbsp;\u2022 <strong>Gesundheitlicher Fokus:<\/strong>&nbsp;Training orientiert sich an <strong>k\u00f6rperlicher und mentaler Gesundheit<\/strong>&nbsp;von Pferd und Reiter<\/p>\n\n\n\n<p><strong>Besonderer Schwerpunkt:<\/strong><br>Ich lege gro\u00dfen Wert darauf, dass Dein Pferd <strong>mit Freude bei der Arbeit ist<\/strong>&nbsp;und motiviert bleibt \u2013 das gemeinsame Training soll <strong>Spa\u00df machen und Erfolge sichtbar bringen<\/strong>.<\/p>\n\n\n\n<p><strong>Einzeltraining f\u00fcr dein Tier vor Ort<\/strong><br>W\u00e4hle die Dauer, die am besten zu euch passt:<br>\u00a0\u2022 <strong>30 Min \u2013 40 \u20ac:<\/strong>\u00a0Kurzer Impuls, gezielte Tipps.<br>\u00a0\u2022 <strong>45 Min \u2013 55 \u20ac:<\/strong>\u00a0Mehr Zeit f\u00fcr \u00dcbungen, individuelle Anpassungen.<br>\u00a0\u2022 <strong>60 Min \u2013 70 \u20ac:<\/strong>\u00a0Volle Betreuung, ma\u00dfgeschneiderte Umsetzung.<br><strong>Hinweis:<\/strong>\u00a0Preis gilt pro Person und Termin, nicht \u00fcbertragbar, keine gemeinsame Buchung m\u00f6glich. So kann ich mich voll auf dich und dein Tier konzentrieren.<\/p>\n\n\n\n<p><strong>Online-Einzeltraining<\/strong><br>Einfach, effektiv und bequem von zu Hause. Alles, was du brauchst, ist ein Handy oder Tablet mit Kamera und Kopfh\u00f6rer.<br>\u00a0\u2022 <strong class=\"\">30 Min \u2013 30 \u20ac:<\/strong>\u00a0Kurze, gezielte Tipps und \u00dcbungen.<br>\u00a0\u2022 <strong>45 Min \u2013 40 \u20ac:<\/strong>\u00a0Mehr Zeit f\u00fcr individuelle Anpassungen.<br>\u00a0\u2022 <strong>60 Min \u2013 55 \u20ac:<\/strong>\u00a0Volle Einheit f\u00fcr maximale Fortschritte.<br><strong>Hinweis:<\/strong>\u00a0Preis gilt pro Person und Termin, nicht \u00fcbertragbar. Du filmst dein Tier selbst, ich gebe Live-Feedback<\/p>\n\n\n\n<p><\/p>\n","protected":false},"excerpt":{"rendered":"<p>Pferdetraining \u2013 Aktiv, motivierend, gesund Ich begleite Dich und Dein Pferd beim gezielten Training, vom Boden oder beim Reiten, \u2013 immer gesundheitsorientiert, individuell und motivierend. Mein Training st\u00e4rkt Pferd und Reiter, f\u00f6rdert die Koordination, Fitness und Freude an der Arbeit&nbsp;und ist auf jeden Ausbildungsstand angepasst. Schwerpunkte:&nbsp;\u2022 Dressurtraining:&nbsp;Technik, Balance und Feinheit&nbsp;\u2022 Sitztraining f\u00fcr den Reiter:&nbsp;optimale Einwirkung, [&hellip;]<\/p>\n","protected":false},"author":1,"featured_media":0,"parent":0,"menu_order":12,"comment_status":"closed","ping_status":"closed","template":"","meta":{"footnotes":""},"class_list":["post-294","page","type-page","status-publish","hentry"],"_links":{"self":[{"href":"https:\/\/www.pet-repair.de\/index.php?rest_route=\/wp\/v2\/pages\/294","targetHints":{"allow":["GET"]}}],"collection":[{"href":"https:\/\/www.pet-repair.de\/index.php?rest_route=\/wp\/v2\/pages"}],"about":[{"href":"https:\/\/www.pet-repair.de\/index.php?rest_route=\/wp\/v2\/types\/page"}],"author":[{"embeddable":true,"href":"https:\/\/www.pet-repair.de\/index.php?rest_route=\/wp\/v2\/users\/1"}],"replies":[{"embeddable":true,"href":"https:\/\/www.pet-repair.de\/index.php?rest_route=%2Fwp%2Fv2%2Fcomments&post=294"}],"version-history":[{"count":1,"href":"https:\/\/www.pet-repair.de\/index.php?rest_route=\/wp\/v2\/pages\/294\/revisions"}],"predecessor-version":[{"id":297,"href":"https:\/\/www.pet-repair.de\/index.php?rest_route=\/wp\/v2\/pages\/294\/revisions\/297"}],"wp:attachment":[{"href":"https:\/\/www.pet-repair.de\/index.php?rest_route=%2Fwp%2Fv2%2Fmedia&parent=294"}],"curies":[{"name":"wp","href":"https:\/\/api.w.org\/{rel}","templated":true}]}}